{"id":20,"date":"2025-07-15T13:19:46","date_gmt":"2025-07-15T13:19:46","guid":{"rendered":"https:\/\/boundless.com.ar\/?page_id=20"},"modified":"2025-09-04T14:48:35","modified_gmt":"2025-09-04T17:48:35","slug":"contact","status":"publish","type":"page","link":"https:\/\/boundless.com.ar\/?page_id=20","title":{"rendered":"Contact"},"content":{"rendered":"\n<div class=\"wp-block-uagb-container uagb-block-b6c6af1c alignfull uagb-is-root-container\"><div class=\"uagb-container-inner-blocks-wrap\">\n<div class=\"wp-block-uagb-advanced-heading uagb-block-323b3e55\"><div class=\"uagb-separator\"><\/div><h1 class=\"uagb-heading-text\">Estamos aqu\u00ed<\/h1><p class=\"uagb-desc-text\">Cont\u00e1ctanos para saber c\u00f3mo podemos transformar tus ideas en soluciones de software personalizadas y efectivas.<\/p><\/div>\n<\/div><\/div>\n\n\n\n<div class=\"wp-block-uagb-container uagb-block-3a0f4697 alignfull uagb-is-root-container\"><div class=\"uagb-container-inner-blocks-wrap\"><\/div><\/div>\n\n\n\n<div class=\"wp-block-uagb-container uagb-block-53c12c05 alignfull uagb-is-root-container\"><div class=\"uagb-container-inner-blocks-wrap\">\n<div class=\"wp-block-uagb-container uagb-block-2ce0dc26\">\n<div class=\"wp-block-uagb-container uagb-block-a00db895 alignfull uagb-is-root-container\"><div class=\"uagb-container-inner-blocks-wrap\">\n<div class=\"wp-block-uagb-container uagb-block-8adffbc2\">\n<div class=\"wp-block-uagb-advanced-heading uagb-block-5bc63a7b\"><h2 class=\"uagb-heading-text\">Con\u00e9ctate con nosotros<\/h2><div class=\"uagb-separator\"><\/div><p class=\"uagb-desc-text\">Estamos listos para escucharte y ayudarte a optimizar tus sistemas con nuestro expertise en software y servicios en IA.<\/p><\/div>\n\n\n\n<div class=\"wp-block-uagb-advanced-heading uagb-block-af4104af\"><div class=\"uagb-heading-text\">Correo Electr\u00f3nico<\/div><p class=\"uagb-desc-text\">info@boundless.com.ar<\/p><\/div>\n<\/div>\n<\/div><\/div>\n<\/div>\n\n\n\n<div class=\"wp-block-uagb-container uagb-block-c76f6064\">\t\t\t<div class=\"srfm-form-container srfm-form-container-338 srfm-bg-color\">\n\t\t\t<style>\n\t\t\t\t\/* Need to check and remove the input variables related to the Style Tab. *\/\n\t\t\t\t.srfm-form-container-338 {\n\t\t\t\t\t\/* New test variables *\/\n\t\t\t\t\t--srfm-color-scheme-primary: #111C44;\n\t\t\t\t\t--srfm-color-scheme-text-on-primary: #FFFFFF;\n\t\t\t\t\t--srfm-color-scheme-text: #1E1E1E;\n\t\t\t\t\t--srfm-quill-editor-color: #111C44;\n\n\t\t\t\t\t--srfm-color-input-label: #1E1E1E;\n\t\t\t\t\t--srfm-color-input-description: hsl( from #1E1E1E h s l \/ 0.65 );\n\t\t\t\t\t--srfm-color-input-placeholder: hsl( from #1E1E1E h s l \/ 0.5 );\n\t\t\t\t\t--srfm-color-input-text: #1E1E1E;\n\t\t\t\t\t--srfm-color-input-prefix: hsl( from #1E1E1E h s l \/ 0.65 );\n\t\t\t\t\t--srfm-color-input-background: hsl( from #1E1E1E h s l \/ 0.02 );\n\t\t\t\t\t--srfm-color-input-background-hover: hsl( from #1E1E1E h s l \/ 0.05 );\n\t\t\t\t\t--srfm-color-input-background-disabled: hsl( from #1E1E1E h s l \/ 0.07 );\n\t\t\t\t\t--srfm-color-input-border: hsl( from #1E1E1E h s l \/ 0.25 );\n\t\t\t\t\t--srfm-color-input-border-disabled: hsl( from #1E1E1E h s l \/ 0.15 );\n\t\t\t\t\t--srfm-color-multi-choice-svg: hsl( from #1E1E1E h s l \/ 0.7 );\n\t\t\t\t\t--srfm-color-input-border-hover: hsl( from #111C44 h s l \/ 0.65 );\n\t\t\t\t\t--srfm-color-input-border-focus-glow: hsl( from #111C44 h s l \/ 0.15 );\n\t\t\t\t\t--srfm-color-input-selected: hsl( from #111C44 h s l \/ 0.1 );\n\t\t\t\t\t--srfm-btn-color-hover: hsl( from #111C44 h s l \/ 0.9 );\n\t\t\t\t\t--srfm-btn-color-disabled: hsl( from #111C44 h s l \/ 0.25 );\n\n\t\t\t\t\t\/* Dropdown Variables *\/\n\t\t\t\t\t--srfm-dropdown-input-background-hover: hsl( from #1E1E1E h s l \/ 0.05 );\n\t\t\t\t\t--srfm-dropdown-option-background-hover: hsl( from #1E1E1E h s l \/ 0.10 );\n\t\t\t\t\t--srfm-dropdown-option-background-selected: hsl( from #1E1E1E h s l \/ 0.05 );\n\t\t\t\t\t--srfm-dropdown-option-selected-icon: hsl( from #1E1E1E h s l \/ 0.65 );\n\t\t\t\t\t--srfm-dropdown-option-text-color: hsl( from #1E1E1E h s l \/ 0.80 );\n\t\t\t\t\t--srfm-dropdown-option-selected-text: #1E1E1E;\n\t\t\t\t\t--srfm-dropdown-badge-background: hsl( from #1E1E1E h s l \/ 0.05 );\n\t\t\t\t\t--srfm-dropdown-badge-background-hover: hsl( from #1E1E1E h s l \/ 0.10 );\n\t\t\t\t\t--srfm-dropdown-menu-border-color: hsl( from #1E1E1E h s l \/ 0.10 );\n\t\t\t\t\t--srfm-dropdown-placeholder-color: hsl( from #1E1E1E h s l \/ 0.50 );\n\t\t\t\t\t--srfm-dropdown-icon-color: hsl( from #1E1E1E h s l \/ 0.65 );\n\t\t\t\t\t--srfm-dropdown-icon-disabled: hsl( from #1E1E1E h s l \/ 0.25 );\n\n\t\t\t\t\t\/* Background Control Variables *\/\n\t\t\t\t\t--srfm-instant-form-padding-top: 32px;--srfm-instant-form-padding-right: 32px;--srfm-instant-form-padding-bottom: 32px;--srfm-instant-form-padding-left: 32px;--srfm-instant-form-border-radius-top: 12px;--srfm-instant-form-border-radius-right: 12px;--srfm-instant-form-border-radius-bottom: 12px;--srfm-instant-form-border-radius-left: 12px;--srfm-form-padding-top: 0px;--srfm-form-padding-right: 0px;--srfm-form-padding-bottom: 0px;--srfm-form-padding-left: 0px;--srfm-form-border-radius-top: 0px;--srfm-form-border-radius-right: 0px;--srfm-form-border-radius-bottom: 0px;--srfm-form-border-radius-left: 0px;--srfm-bg-color: #ffffff;--srfm-bg-overlay-opacity: 1;\t\t\t\t\t--srfm-row-gap-between-blocks: 18px;--srfm-address-label-font-size: 16px;--srfm-address-label-line-height: 24px;--srfm-address-description-font-size: 14px;--srfm-address-description-line-height: 20px;--srfm-col-gap-between-fields: 16px;--srfm-row-gap-between-fields: 16px;--srfm-gap-below-address-label: 14px;--srfm-dropdown-font-size: 14px;--srfm-dropdown-gap-between-input-menu: 4px;--srfm-dropdown-badge-padding: 2px 6px;--srfm-dropdown-multiselect-font-size: 12px;--srfm-dropdown-multiselect-line-height: 16px;--srfm-dropdown-padding-right: 12px;--srfm-dropdown-padding-right-icon: calc( var( --srfm-dropdown-padding-right ) + 20px );--srfm-dropdown-multiselect-padding: 8px var( --srfm-dropdown-padding-right-icon ) 8px 8px;--srfm-input-height: 44px;--srfm-input-field-padding: 10px 12px;--srfm-input-field-font-size: 16px;--srfm-input-field-line-height: 24px;--srfm-input-field-margin-top: 6px;--srfm-input-field-margin-bottom: 6px;--srfm-checkbox-label-font-size: 16px;--srfm-checkbox-label-line-height: 24px;--srfm-checkbox-description-font-size: 14px;--srfm-checkbox-description-line-height: 20px;--srfm-check-ctn-width: 16px;--srfm-check-ctn-height: 16px;--srfm-check-svg-size: 10px;--srfm-checkbox-margin-top-frontend: 4px;--srfm-checkbox-margin-top-editor: 6px;--srfm-check-gap: 8px;--srfm-checkbox-description-margin-left: 24px;--srfm-flag-section-padding: 10px 0 10px 12px;--srfm-gap-between-icon-text: 8px;--srfm-label-font-size: 16px;--srfm-label-line-height: 24px;--srfm-description-font-size: 14px;--srfm-description-line-height: 20px;--srfm-btn-padding: 10px 14px;--srfm-btn-font-size: 16px;--srfm-btn-line-height: 24px;--srfm-multi-choice-horizontal-padding: 20px;--srfm-multi-choice-vertical-padding: 20px;--srfm-multi-choice-internal-option-gap: 8px;--srfm-multi-choice-vertical-svg-size: 40px;--srfm-multi-choice-horizontal-image-size: 24px;--srfm-multi-choice-vertical-image-size: 120px;--srfm-multi-choice-outer-padding: 2px;\t\t\t\t}\n\t\t\t<\/style>\n\t\t\t\t\t\t\t<form method=\"post\" enctype=\"multipart\/form-data\" id=\"srfm-form-338\" class=\"srfm-form \"\n\t\t\t\tform-id=\"338\" after-submission=\"reset form\" message-type=\"same page\" success-url=\"\" ajaxurl=\"https:\/\/boundless.com.ar\/wp-admin\/admin-ajax.php\" data-submit-token=\"c12a907e86995d997ddd18b16d453df8993c0515fa3fcb306faaeece6b8f16c3\"\n\t\t\t\t>\n\t\t\t\t\n\t\t\t\t<input type=\"hidden\" value=\"338\" name=\"form-id\">\n\t\t\t\t<input type=\"hidden\" value=\"\" name=\"srfm-sender-email-field\" id=\"srfm-sender-email\">\n\t\t\t\t<input type=\"hidden\" value=\"\" id=\"srfm-page-break\">\n\t\t\t\t\t\t<p id=\"srfm-error-message\" class=\"srfm-common-error-message srfm-error-message srfm-head-error\" hidden>\t\t<span class=\"srfm-icon\" aria-hidden=\"true\">\n\t\t\t<svg xmlns='http:\/\/www.w3.org\/2000\/svg' width='20' height='20' fill='none'><path d='M9.99935 18.3327C14.6017 18.3327 18.3327 14.6017 18.3327 9.99935C18.3327 5.39698 14.6017 1.66602 9.99935 1.66602C5.39698 1.66602 1.66602 5.39698 1.66602 9.99935C1.66602 14.6017 5.39698 18.3327 9.99935 18.3327Z' stroke='currentColor' stroke-width='1.5' stroke-linecap='round' stroke-linejoin='round' \/><path d='M10 6.66602V9.99935' stroke='currentColor' stroke-width='1.5' stroke-linecap='round' stroke-linejoin='round' \/><path d='M10 13.334H10.0083' stroke='currentColor' stroke-width='1.5' stroke-linecap='round' stroke-linejoin='round' \/><\/svg>\t\t<\/span>\n\t\t<span class=\"srfm-error-content\">There was an error trying to submit your form. Please try again.<\/span><\/p>\n\t\t\t\t\t<div data-block-id=\"fcf3a8bf\" class=\"srfm-block-single srfm-block srfm-input-block srf-input-fcf3a8bf-block  srfm-block-width-100 srfm-slug-text-field 338\" >\n\t\t\t\t\t\t\t\t<label id=\"srfm-label-fcf3a8bf-lbl-Tm9tYnJl\" for=\"srfm-input-fcf3a8bf-lbl-Tm9tYnJl\" class=\"srfm-block-label\">\n\t\t\t\t\t\tNombre\t\t\t\t\t\t\t\t\t\t\t<\/label>\n\t\t\t\t\t\t\t\t\t\t\t\t<div class=\"srfm-block-wrap\">\n\t\t\t\t<input class=\"srfm-input-common srfm-input-input\" type=\"text\" name=\"srfm-input-fcf3a8bf-lbl-Tm9tYnJl-text-field\" id=\"srfm-input-fcf3a8bf-lbl-Tm9tYnJl\"\n\t\t\t\t\taria-describedby='srfm-error-fcf3a8bf'\t\t\t\t\tdata-required=\"false\" aria-required=\"false\" data-unique=\"false\" maxlength=\"100\" value=\"\"  data-srfm-mask=\"none\"   \/>\n\t\t\t\t<\/div>\n\t\t\t\t<div class=\"srfm-error-wrap\">\n\t\t\t\t\t\t\t\t\t\t<div class=\"srfm-error-message\" data-srfm-id=\"srfm-error-fcf3a8bf\" data-error-msg=\"This field is required.\" data-unique-msg=\"Value needs to be unique.\">\n\t\t\t\t\t\tThis field is required.\t\t\t\t\t<\/div>\n\t\t\t\t\t\t\t\t\t<\/div>\n\t\t\t<\/div>\n\t\t\n\n\t\t\t<div data-block-id=\"940aa806\" class=\"srfm-block-single srfm-block srfm-email-block srf-email-940aa806-block  srfm-block-width-100 srfm-slug-email 338 srfm-email-block-wrap\">\n\t\t\t\t<div class=\"srfm-email-block srf-email-940aa806-block\">\n\t\t\t\t\t\t\t\t\t\t<label id=\"srfm-label-940aa806-lbl-RW1haWw\" for=\"srfm-email-940aa806-lbl-RW1haWw\" class=\"srfm-block-label\">\n\t\t\t\t\t\tEmail\t\t\t\t\t\t\t\t\t\t\t<\/label>\n\t\t\t\t\t\t\t\t\t\t\t\t\t\t\t<div class=\"srfm-block-wrap\">\n\t\t\t\t\t\t<input class=\"srfm-input-common srfm-input-email\" type=\"email\" name=\"srfm-email-940aa806-lbl-RW1haWw-email\" id=\"srfm-email-940aa806-lbl-RW1haWw\"\n\t\t\t\t\t\taria-describedby='srfm-error-940aa806'\t\t\t\t\t\tdata-required=\"false\" aria-required=\"false\" data-unique=\"false\" value=\"\"   \/>\n\t\t\t\t\t<\/div>\n\t\t\t\t\t<div class=\"srfm-error-wrap\">\n\t\t\t\t\t\t\t\t\t\t\t<div class=\"srfm-error-message\" data-srfm-id=\"srfm-error-940aa806\" data-error-msg=\"This field is required.\" data-unique-msg=\"Value needs to be unique.\">\n\t\t\t\t\t\tThis field is required.\t\t\t\t\t<\/div>\n\t\t\t\t\t\t\t\t\t\t<\/div>\n\t\t\t\t<\/div>\n\t\t\t\t\t\t\t<\/div>\n\t\t\n\n\t\t\t<div data-block-id=\"92e2f354\" class=\"srfm-block-single srfm-block srfm-input-block srf-input-92e2f354-block  srfm-block-width-100 srfm-slug-text-field-1 338\" >\n\t\t\t\t\t\t\t\t<label id=\"srfm-label-92e2f354-lbl-TWVuc2FqZQ\" for=\"srfm-input-92e2f354-lbl-TWVuc2FqZQ\" class=\"srfm-block-label\">\n\t\t\t\t\t\tMensaje\t\t\t\t\t\t\t\t\t\t\t<\/label>\n\t\t\t\t\t\t\t\t\t\t\t\t<div class=\"srfm-block-wrap\">\n\t\t\t\t<input class=\"srfm-input-common srfm-input-input\" type=\"text\" name=\"srfm-input-92e2f354-lbl-TWVuc2FqZQ-text-field-1\" id=\"srfm-input-92e2f354-lbl-TWVuc2FqZQ\"\n\t\t\t\t\taria-describedby='srfm-error-92e2f354'\t\t\t\t\tdata-required=\"false\" aria-required=\"false\" data-unique=\"false\" maxlength=\"100\" value=\"\"  data-srfm-mask=\"none\"   \/>\n\t\t\t\t<\/div>\n\t\t\t\t<div class=\"srfm-error-wrap\">\n\t\t\t\t\t\t\t\t\t\t<div class=\"srfm-error-message\" data-srfm-id=\"srfm-error-92e2f354\" data-error-msg=\"This field is required.\" data-unique-msg=\"Value needs to be unique.\">\n\t\t\t\t\t\tThis field is required.\t\t\t\t\t<\/div>\n\t\t\t\t\t\t\t\t\t<\/div>\n\t\t\t<\/div>\n\t\t\t\t\t\t\t\t\t\t\t\t\t<div class=\"srfm-captcha-container \">\n\n\t\t\t\t\t\t\t\t\t\t\t<div class='g-recaptcha' data-callback=\"onSuccess\" data-error-callback=\"onGCaptchaV2CheckBoxError\" recaptcha-type=\"v2-checkbox\" data-sitekey=\"6LcOPr4rAAAAAAqaj3eTpUw28vhnfWk2X7P6E9or\" ><\/div>\n\t\t\n\t\t\n\t\t\t\t\t\t\t\t<div class=\"srfm-validation-error\" id=\"captcha-error\" style=\"display: none;\">Please verify that you are not a robot.<\/div>\n\t\t\t\t\t<\/div>\n\t\t\t\t\t\n\t\t\t\t\t\n\t\t\t\t\t<div class=\"srfm-submit-container \" style=\"\">\n\t\t\t\t\t\t<div style=\"width: 100%; text-align: justify\" class=\"wp-block-button\">\n\t\t\t\t\t\t\t\t\t\t\t\t\t\t\t\t\t\t\t<button style=\"width: 100%;\" id=\"srfm-submit-btn\" class=\"srfm-btn-frontend srfm-button srfm-submit-button\"\n\t\t\t\t\t\t\t\t\t\t\t\t\t\t>\n\t\t\t\t\t\t\t\t<div class=\"srfm-submit-wrap\">\n\t\t\t\t\t\t\t\t\tEnviar\t\t\t\t\t\t\t\t<div class=\"srfm-loader\"><\/div>\n\t\t\t\t\t\t\t\t<\/div>\n\t\t\t\t\t\t\t<\/button>\n\t\t\t\t\t\t\t\t\t\t\t\t\t\t\t\t\t\t<\/div>\n\t\t\t\t\t<\/div>\n\t\t\t\t\t\t\t<p id=\"srfm-error-message\" class=\"srfm-common-error-message srfm-error-message srfm-footer-error\" hidden>\t\t<span class=\"srfm-icon\" aria-hidden=\"true\">\n\t\t\t<svg xmlns='http:\/\/www.w3.org\/2000\/svg' width='20' height='20' fill='none'><path d='M9.99935 18.3327C14.6017 18.3327 18.3327 14.6017 18.3327 9.99935C18.3327 5.39698 14.6017 1.66602 9.99935 1.66602C5.39698 1.66602 1.66602 5.39698 1.66602 9.99935C1.66602 14.6017 5.39698 18.3327 9.99935 18.3327Z' stroke='currentColor' stroke-width='1.5' stroke-linecap='round' stroke-linejoin='round' \/><path d='M10 6.66602V9.99935' stroke='currentColor' stroke-width='1.5' stroke-linecap='round' stroke-linejoin='round' \/><path d='M10 13.334H10.0083' stroke='currentColor' stroke-width='1.5' stroke-linecap='round' stroke-linejoin='round' \/><\/svg>\t\t<\/span>\n\t\t<span class=\"srfm-error-content\">There was an error trying to submit your form. Please try again.<\/span><\/p>\n\t\t\t\t\t<\/form>\n\t\t\t<div class=\"srfm-single-form srfm-success-box in-page\">\n\t\t\t\t<div aria-live=\"polite\" aria-atomic=\"true\" role=\"alert\" id=\"srfm-success-message-page-338\" class=\"srfm-success-box-description\"><\/div>\n\t\t\t<\/div>\n\t\t\t\t\t\t<\/div>\n\t\t\n<\/div>\n<\/div><\/div>\n","protected":false},"excerpt":{"rendered":"<p>Estamos aqu\u00ed Cont\u00e1ctanos para saber c\u00f3mo podemos transformar tus ideas en soluciones de software personalizadas y efectivas. Con\u00e9ctate con nosotros [&hellip;]<\/p>\n","protected":false},"author":1,"featured_media":0,"parent":0,"menu_order":0,"comment_status":"closed","ping_status":"closed","template":"","meta":{"_uag_custom_page_level_css":"","site-sidebar-layout":"default","site-content-layout":"","ast-site-content-layout":"default","site-content-style":"default","site-sidebar-style":"default","ast-global-header-display":"","ast-banner-title-visibility":"","ast-main-header-display":"","ast-hfb-above-header-display":"","ast-hfb-below-header-display":"","ast-hfb-mobile-header-display":"","site-post-title":"disabled","ast-breadcrumbs-content":"","ast-featured-img":"","footer-sml-layout":"","ast-disable-related-posts":"","theme-transparent-header-meta":"","adv-header-id-meta":"","stick-header-meta":"","header-above-stick-meta":"","header-main-stick-meta":"","header-below-stick-meta":"","astra-migrate-meta-layouts":"default","ast-page-background-enabled":"default","ast-page-background-meta":{"desktop":{"background-color":"var(--ast-global-color-4)","background-image":"","background-repeat":"repeat","background-position":"center center","background-size":"auto","background-attachment":"scroll","background-type":"","background-media":"","overlay-type":"","overlay-color":"","overlay-opacity":"","overlay-gradient":""},"tablet":{"background-color":"","background-image":"","background-repeat":"repeat","background-position":"center center","background-size":"auto","background-attachment":"scroll","background-type":"","background-media":"","overlay-type":"","overlay-color":"","overlay-opacity":"","overlay-gradient":""},"mobile":{"background-color":"","background-image":"","background-repeat":"repeat","background-position":"center center","background-size":"auto","background-attachment":"scroll","background-type":"","background-media":"","overlay-type":"","overlay-color":"","overlay-opacity":"","overlay-gradient":""}},"ast-content-background-meta":{"desktop":{"background-color":"var(--ast-global-color-5)","background-image":"","background-repeat":"repeat","background-position":"center center","background-size":"auto","background-attachment":"scroll","background-type":"","background-media":"","overlay-type":"","overlay-color":"","overlay-opacity":"","overlay-gradient":""},"tablet":{"background-color":"var(--ast-global-color-5)","background-image":"","background-repeat":"repeat","background-position":"center center","background-size":"auto","background-attachment":"scroll","background-type":"","background-media":"","overlay-type":"","overlay-color":"","overlay-opacity":"","overlay-gradient":""},"mobile":{"background-color":"var(--ast-global-color-5)","background-image":"","background-repeat":"repeat","background-position":"center center","background-size":"auto","background-attachment":"scroll","background-type":"","background-media":"","overlay-type":"","overlay-color":"","overlay-opacity":"","overlay-gradient":""}},"footnotes":""},"class_list":["post-20","page","type-page","status-publish","hentry"],"yoast_head":"<!-- This site is optimized with the Yoast SEO plugin v25.9 - https:\/\/yoast.com\/wordpress\/plugins\/seo\/ -->\n<title>Contact - Boundless<\/title>\n<meta name=\"robots\" content=\"index, follow, max-snippet:-1, max-image-preview:large, max-video-preview:-1\" \/>\n<link rel=\"canonical\" href=\"https:\/\/boundless.com.ar\/?page_id=20\" \/>\n<meta property=\"og:locale\" content=\"es_ES\" \/>\n<meta property=\"og:type\" content=\"article\" \/>\n<meta property=\"og:title\" content=\"Contact - Boundless\" \/>\n<meta property=\"og:description\" content=\"Estamos aqu\u00ed Cont\u00e1ctanos para saber c\u00f3mo podemos transformar tus ideas en soluciones de software personalizadas y efectivas. Con\u00e9ctate con nosotros [&hellip;]\" \/>\n<meta property=\"og:url\" content=\"https:\/\/boundless.com.ar\/?page_id=20\" \/>\n<meta property=\"og:site_name\" content=\"Boundless\" \/>\n<meta property=\"article:modified_time\" content=\"2025-09-04T17:48:35+00:00\" \/>\n<meta name=\"twitter:card\" content=\"summary_large_image\" \/>\n<script type=\"application\/ld+json\" class=\"yoast-schema-graph\">{\"@context\":\"https:\/\/schema.org\",\"@graph\":[{\"@type\":\"WebPage\",\"@id\":\"https:\/\/boundless.com.ar\/?page_id=20\",\"url\":\"https:\/\/boundless.com.ar\/?page_id=20\",\"name\":\"Contact - Boundless\",\"isPartOf\":{\"@id\":\"https:\/\/boundless.com.ar\/#website\"},\"datePublished\":\"2025-07-15T13:19:46+00:00\",\"dateModified\":\"2025-09-04T17:48:35+00:00\",\"breadcrumb\":{\"@id\":\"https:\/\/boundless.com.ar\/?page_id=20#breadcrumb\"},\"inLanguage\":\"es-AR\",\"potentialAction\":[{\"@type\":\"ReadAction\",\"target\":[\"https:\/\/boundless.com.ar\/?page_id=20\"]}]},{\"@type\":\"BreadcrumbList\",\"@id\":\"https:\/\/boundless.com.ar\/?page_id=20#breadcrumb\",\"itemListElement\":[{\"@type\":\"ListItem\",\"position\":1,\"name\":\"Inicio\",\"item\":\"https:\/\/boundless.com.ar\/\"},{\"@type\":\"ListItem\",\"position\":2,\"name\":\"Contact\"}]},{\"@type\":\"WebSite\",\"@id\":\"https:\/\/boundless.com.ar\/#website\",\"url\":\"https:\/\/boundless.com.ar\/\",\"name\":\"Boundless\",\"description\":\"Creamos soluciones de software personalizadas y ofrecemos consultor\u00eda en IA para optimizar tus sistemas y procesos.\",\"publisher\":{\"@id\":\"https:\/\/boundless.com.ar\/#organization\"},\"potentialAction\":[{\"@type\":\"SearchAction\",\"target\":{\"@type\":\"EntryPoint\",\"urlTemplate\":\"https:\/\/boundless.com.ar\/?s={search_term_string}\"},\"query-input\":{\"@type\":\"PropertyValueSpecification\",\"valueRequired\":true,\"valueName\":\"search_term_string\"}}],\"inLanguage\":\"es-AR\"},{\"@type\":\"Organization\",\"@id\":\"https:\/\/boundless.com.ar\/#organization\",\"name\":\"Boundless\",\"url\":\"https:\/\/boundless.com.ar\/\",\"logo\":{\"@type\":\"ImageObject\",\"inLanguage\":\"es-AR\",\"@id\":\"https:\/\/boundless.com.ar\/#\/schema\/logo\/image\/\",\"url\":\"https:\/\/boundless.com.ar\/wp-content\/uploads\/2025\/08\/cropped-Sophisticated-Logo-with-Interconnecting-Lines-2.png\",\"contentUrl\":\"https:\/\/boundless.com.ar\/wp-content\/uploads\/2025\/08\/cropped-Sophisticated-Logo-with-Interconnecting-Lines-2.png\",\"width\":633,\"height\":643,\"caption\":\"Boundless\"},\"image\":{\"@id\":\"https:\/\/boundless.com.ar\/#\/schema\/logo\/image\/\"}}]}<\/script>\n<!-- \/ Yoast SEO plugin. -->","yoast_head_json":{"title":"Contact - Boundless","robots":{"index":"index","follow":"follow","max-snippet":"max-snippet:-1","max-image-preview":"max-image-preview:large","max-video-preview":"max-video-preview:-1"},"canonical":"https:\/\/boundless.com.ar\/?page_id=20","og_locale":"es_ES","og_type":"article","og_title":"Contact - Boundless","og_description":"Estamos aqu\u00ed Cont\u00e1ctanos para saber c\u00f3mo podemos transformar tus ideas en soluciones de software personalizadas y efectivas. Con\u00e9ctate con nosotros [&hellip;]","og_url":"https:\/\/boundless.com.ar\/?page_id=20","og_site_name":"Boundless","article_modified_time":"2025-09-04T17:48:35+00:00","twitter_card":"summary_large_image","schema":{"@context":"https:\/\/schema.org","@graph":[{"@type":"WebPage","@id":"https:\/\/boundless.com.ar\/?page_id=20","url":"https:\/\/boundless.com.ar\/?page_id=20","name":"Contact - Boundless","isPartOf":{"@id":"https:\/\/boundless.com.ar\/#website"},"datePublished":"2025-07-15T13:19:46+00:00","dateModified":"2025-09-04T17:48:35+00:00","breadcrumb":{"@id":"https:\/\/boundless.com.ar\/?page_id=20#breadcrumb"},"inLanguage":"es-AR","potentialAction":[{"@type":"ReadAction","target":["https:\/\/boundless.com.ar\/?page_id=20"]}]},{"@type":"BreadcrumbList","@id":"https:\/\/boundless.com.ar\/?page_id=20#breadcrumb","itemListElement":[{"@type":"ListItem","position":1,"name":"Inicio","item":"https:\/\/boundless.com.ar\/"},{"@type":"ListItem","position":2,"name":"Contact"}]},{"@type":"WebSite","@id":"https:\/\/boundless.com.ar\/#website","url":"https:\/\/boundless.com.ar\/","name":"Boundless","description":"Creamos soluciones de software personalizadas y ofrecemos consultor\u00eda en IA para optimizar tus sistemas y procesos.","publisher":{"@id":"https:\/\/boundless.com.ar\/#organization"},"potentialAction":[{"@type":"SearchAction","target":{"@type":"EntryPoint","urlTemplate":"https:\/\/boundless.com.ar\/?s={search_term_string}"},"query-input":{"@type":"PropertyValueSpecification","valueRequired":true,"valueName":"search_term_string"}}],"inLanguage":"es-AR"},{"@type":"Organization","@id":"https:\/\/boundless.com.ar\/#organization","name":"Boundless","url":"https:\/\/boundless.com.ar\/","logo":{"@type":"ImageObject","inLanguage":"es-AR","@id":"https:\/\/boundless.com.ar\/#\/schema\/logo\/image\/","url":"https:\/\/boundless.com.ar\/wp-content\/uploads\/2025\/08\/cropped-Sophisticated-Logo-with-Interconnecting-Lines-2.png","contentUrl":"https:\/\/boundless.com.ar\/wp-content\/uploads\/2025\/08\/cropped-Sophisticated-Logo-with-Interconnecting-Lines-2.png","width":633,"height":643,"caption":"Boundless"},"image":{"@id":"https:\/\/boundless.com.ar\/#\/schema\/logo\/image\/"}}]}},"uagb_featured_image_src":{"full":false,"thumbnail":false,"medium":false,"medium_large":false,"large":false,"1536x1536":false,"2048x2048":false},"uagb_author_info":{"display_name":"boundless","author_link":"https:\/\/boundless.com.ar\/?author=1"},"uagb_comment_info":0,"uagb_excerpt":"Estamos aqu\u00ed Cont\u00e1ctanos para saber c\u00f3mo podemos transformar tus ideas en soluciones de software personalizadas y efectivas. Con\u00e9ctate con nosotros [&hellip;]","_links":{"self":[{"href":"https:\/\/boundless.com.ar\/index.php?rest_route=\/wp\/v2\/pages\/20","targetHints":{"allow":["GET"]}}],"collection":[{"href":"https:\/\/boundless.com.ar\/index.php?rest_route=\/wp\/v2\/pages"}],"about":[{"href":"https:\/\/boundless.com.ar\/index.php?rest_route=\/wp\/v2\/types\/page"}],"author":[{"embeddable":true,"href":"https:\/\/boundless.com.ar\/index.php?rest_route=\/wp\/v2\/users\/1"}],"replies":[{"embeddable":true,"href":"https:\/\/boundless.com.ar\/index.php?rest_route=%2Fwp%2Fv2%2Fcomments&post=20"}],"version-history":[{"count":6,"href":"https:\/\/boundless.com.ar\/index.php?rest_route=\/wp\/v2\/pages\/20\/revisions"}],"predecessor-version":[{"id":425,"href":"https:\/\/boundless.com.ar\/index.php?rest_route=\/wp\/v2\/pages\/20\/revisions\/425"}],"wp:attachment":[{"href":"https:\/\/boundless.com.ar\/index.php?rest_route=%2Fwp%2Fv2%2Fmedia&parent=20"}],"curies":[{"name":"wp","href":"https:\/\/api.w.org\/{rel}","templated":true}]}}