{"id":18,"date":"2025-07-15T13:19:45","date_gmt":"2025-07-15T13:19:45","guid":{"rendered":"https:\/\/boundless.com.ar\/?page_id=18"},"modified":"2025-08-19T19:27:34","modified_gmt":"2025-08-19T22:27:34","slug":"services","status":"publish","type":"page","link":"https:\/\/boundless.com.ar\/?page_id=18","title":{"rendered":"Services"},"content":{"rendered":"\n<div class=\"wp-block-uagb-container uagb-block-b6c6af1c alignfull uagb-is-root-container\"><div class=\"uagb-container-inner-blocks-wrap\">\n<div class=\"wp-block-uagb-advanced-heading uagb-block-323b3e55 animated fadeIn slower\"><div class=\"uagb-separator\"><\/div><h1 class=\"uagb-heading-text\">Nuestros Servicios<\/h1><p class=\"uagb-desc-text\">Soluciones de Software Personalizadas y Consultor\u00eda en IA<\/p><\/div>\n<\/div><\/div>\n\n\n\n<div class=\"wp-block-uagb-container uagb-block-d3ba2f97 alignfull uagb-is-root-container\"><div class=\"uagb-container-inner-blocks-wrap\">\n<div class=\"wp-block-uagb-container animated fadeIn slower uagb-block-8aa511ef\">\n<div class=\"wp-block-uagb-image uagb-block-670ae18e wp-block-uagb-image--layout-default wp-block-uagb-image--effect-static wp-block-uagb-image--align-none animated fadeIn delay-200ms slower\"><figure class=\"wp-block-uagb-image__figure\"><img decoding=\"async\" srcset=\"https:\/\/boundless.com.ar\/wp-content\/uploads\/2025\/07\/pexels-photo-12935074.jpeg ,https:\/\/boundless.com.ar\/wp-content\/uploads\/2025\/07\/pexels-photo-12935074.jpeg 780w, https:\/\/boundless.com.ar\/wp-content\/uploads\/2025\/07\/pexels-photo-12935074.jpeg 360w\" sizes=\"auto, (max-width: 480px) 150px\" src=\"https:\/\/boundless.com.ar\/wp-content\/uploads\/2025\/07\/pexels-photo-12935074.jpeg\" alt=\"Close-up of a hand interacting with a touchscreen POS system in a restaurant setting.\" class=\"uag-image-6\" width=\"500\" height=\"300\" title=\"services-01\" loading=\"lazy\" role=\"img\"\/><\/figure><\/div>\n\n\n\n<div class=\"wp-block-uagb-info-box uagb-block-dfa51bfd uagb-infobox__content-wrap  uagb-infobox-icon-above-title uagb-infobox-image-valign-top animated fadeIn delay-200ms slower\"><div class=\"uagb-ifb-content\"><div class=\"uagb-ifb-title-wrap\"><span class=\"uagb-ifb-title-prefix\">01.<\/span><h2 class=\"uagb-ifb-title\">Desarrollo de Software<\/h2><\/div><div class=\"uagb-ifb-separator\"><\/div><p class=\"uagb-ifb-desc\">Nuestro equipo de expertos desarrolla software personalizado que se alinea perfectamente con tus objetivos estrat\u00e9gicos. Enfocados en la innovaci\u00f3n, garantizamos soluciones eficientes y escalables que optimizan tus procesos de negocio, proporcionando resultados tangibles y mejorando la experiencia del usuario en cada etapa del proyecto.<\/p><\/div><\/div>\n<\/div>\n\n\n\n<div class=\"wp-block-uagb-container animated fadeIn slower uagb-block-0882eef6\">\n<div class=\"wp-block-uagb-image uagb-block-9a36b508 wp-block-uagb-image--layout-default wp-block-uagb-image--effect-static wp-block-uagb-image--align-none animated fadeIn delay-200ms slower\"><figure class=\"wp-block-uagb-image__figure\"><img decoding=\"async\" srcset=\"https:\/\/boundless.com.ar\/wp-content\/uploads\/2025\/07\/pexels-photo-16125027.jpeg ,https:\/\/boundless.com.ar\/wp-content\/uploads\/2025\/07\/pexels-photo-16125027.jpeg 780w, https:\/\/boundless.com.ar\/wp-content\/uploads\/2025\/07\/pexels-photo-16125027.jpeg 360w\" sizes=\"auto, (max-width: 480px) 150px\" src=\"https:\/\/boundless.com.ar\/wp-content\/uploads\/2025\/07\/pexels-photo-16125027.jpeg\" alt=\"Close-up of a smartphone showing ChatGPT details on the OpenAI website, held by a person.\" class=\"uag-image-7\" width=\"500\" height=\"300\" title=\"services-02\" loading=\"lazy\" role=\"img\"\/><\/figure><\/div>\n\n\n\n<div class=\"wp-block-uagb-info-box uagb-block-2f2beea1 uagb-infobox__content-wrap  uagb-infobox-icon-above-title uagb-infobox-image-valign-top animated fadeIn delay-200ms slower\"><div class=\"uagb-ifb-content\"><div class=\"uagb-ifb-title-wrap\"><span class=\"uagb-ifb-title-prefix\">02.<\/span><h2 class=\"uagb-ifb-title\">Consultor\u00eda y Servicios en IA<\/h2><\/div><div class=\"uagb-ifb-separator\"><\/div><p class=\"uagb-ifb-desc\">Ayudamos a las empresas a integrar soluciones de inteligencia artificial que mejoran la toma de decisiones y optimizan sus operaciones. Nuestro enfoque anal\u00edtico permite identificar \u00e1reas clave donde la IA puede generar un impacto significativo, ofreci\u00e9ndote no solo consultor\u00eda sino tambi\u00e9n servicios de implementaci\u00f3n, brind\u00e1ndote las herramientas necesarias para transformar datos en insights valiosos y potenciar cualquier estrategia de negocio.<\/p><\/div><\/div>\n<\/div>\n\n\n\n<div class=\"wp-block-uagb-container animated fadeIn slower uagb-block-1a6408c5\">\n<div class=\"wp-block-uagb-image uagb-block-a4e98c1f wp-block-uagb-image--layout-default wp-block-uagb-image--effect-static wp-block-uagb-image--align-none animated fadeIn delay-200ms slower\"><figure class=\"wp-block-uagb-image__figure\"><img decoding=\"async\" srcset=\"https:\/\/boundless.com.ar\/wp-content\/uploads\/2025\/07\/pexels-photo-1181673.jpeg ,https:\/\/boundless.com.ar\/wp-content\/uploads\/2025\/07\/pexels-photo-1181673.jpeg 780w, https:\/\/boundless.com.ar\/wp-content\/uploads\/2025\/07\/pexels-photo-1181673.jpeg 360w\" sizes=\"auto, (max-width: 480px) 150px\" src=\"https:\/\/boundless.com.ar\/wp-content\/uploads\/2025\/07\/pexels-photo-1181673.jpeg\" alt=\"Programmer working on code across multiple screens in a modern office setting.\" class=\"uag-image-8\" width=\"500\" height=\"300\" title=\"services-03\" loading=\"lazy\" role=\"img\"\/><\/figure><\/div>\n\n\n\n<div class=\"wp-block-uagb-info-box uagb-block-4b7e7cf8 uagb-infobox__content-wrap  uagb-infobox-icon-above-title uagb-infobox-image-valign-top animated fadeIn delay-200ms slower\"><div class=\"uagb-ifb-content\"><div class=\"uagb-ifb-title-wrap\"><span class=\"uagb-ifb-title-prefix\">03.<\/span><h2 class=\"uagb-ifb-title\">Automatizaci\u00f3n de Procesos<\/h2><\/div><div class=\"uagb-ifb-separator\"><\/div><p class=\"uagb-ifb-desc\">Con nuestras soluciones de automatizaci\u00f3n, transformamos procesos manuales en flujos de trabajo eficientes y sin errores. Esto no solo reduce el tiempo necesario para completar tareas, sino que tambi\u00e9n minimiza costos operativos y permite al equipo enfocarse en actividades m\u00e1s estrat\u00e9gicas y creativas, maximizando la productividad en toda la organizaci\u00f3n.<\/p><\/div><\/div>\n<\/div>\n\n\n\n<div class=\"wp-block-uagb-container animated fadeIn slower uagb-block-4c354b31\">\n<div class=\"wp-block-uagb-image uagb-block-97eefb4c wp-block-uagb-image--layout-default wp-block-uagb-image--effect-static wp-block-uagb-image--align-none animated fadeIn delay-200ms slower\"><figure class=\"wp-block-uagb-image__figure\"><img decoding=\"async\" srcset=\"https:\/\/boundless.com.ar\/wp-content\/uploads\/2025\/07\/pexels-photo-16245254.jpeg ,https:\/\/boundless.com.ar\/wp-content\/uploads\/2025\/07\/pexels-photo-16245254.jpeg 780w, https:\/\/boundless.com.ar\/wp-content\/uploads\/2025\/07\/pexels-photo-16245254.jpeg 360w\" sizes=\"auto, (max-width: 480px) 150px\" src=\"https:\/\/boundless.com.ar\/wp-content\/uploads\/2025\/07\/pexels-photo-16245254.jpeg\" alt=\"Laptop screen displaying the introductory page of ChatGPT on OpenAI's website.\" class=\"uag-image-9\" width=\"500\" height=\"300\" title=\"services-04\" loading=\"lazy\" role=\"img\"\/><\/figure><\/div>\n\n\n\n<div class=\"wp-block-uagb-info-box uagb-block-be67d1aa uagb-infobox__content-wrap  uagb-infobox-icon-above-title uagb-infobox-image-valign-top animated fadeIn delay-200ms slower\"><div class=\"uagb-ifb-content\"><div class=\"uagb-ifb-title-wrap\"><span class=\"uagb-ifb-title-prefix\">04.<\/span><h2 class=\"uagb-ifb-title\">Formaci\u00f3n en Tecnolog\u00eda<\/h2><\/div><div class=\"uagb-ifb-separator\"><\/div><p class=\"uagb-ifb-desc\">Ofrecemos capacitaci\u00f3n para que tu equipo aproveche al m\u00e1ximo las herramientas tecnol\u00f3gicas. Nuestros expertos proporcionan formaci\u00f3n pr\u00e1ctica y te\u00f3rica en desarrollo de software y tecnolog\u00edas emergentes, asegurando que tu personal est\u00e9 altamente calificado para enfrentar los desaf\u00edos del mercado actual y sacar el m\u00e1ximo provecho a las soluciones implementadas.<\/p><\/div><\/div>\n<\/div>\n<\/div><\/div>\n\n\n\n<div class=\"wp-block-uagb-container uagb-block-466b351f alignfull uagb-is-root-container\"><div class=\"uagb-container-inner-blocks-wrap\">\n<div class=\"wp-block-uagb-advanced-heading uagb-block-a5d004a0 animated bounce\"><h2 class=\"uagb-heading-text\">\u00bfC\u00f3mo Funciona Nuestro Proceso?<\/h2><div class=\"uagb-separator\"><\/div><\/div>\n\n\n\n<div class=\"wp-block-uagb-container uagb-block-e6163eaa\">\n<div class=\"wp-block-uagb-info-box uagb-block-5e42581f uagb-infobox__content-wrap  uagb-infobox-icon-above-title uagb-infobox-image-valign-top animated fadeIn\"><div class=\"uagb-ifb-content\"><div class=\"uagb-ifb-title-wrap\"><span class=\"uagb-ifb-title-prefix\">01<\/span><h3 class=\"uagb-ifb-title\">Consulta Inicial<\/h3><\/div><p class=\"uagb-ifb-desc\">Realizamos una reuni\u00f3n para entender tus necesidades y objetivos espec\u00edficos. Esto nos permite personalizar la soluci\u00f3n adecuada para ti.<\/p><\/div><\/div>\n\n\n\n<div class=\"wp-block-uagb-info-box uagb-block-ecab534c uagb-infobox__content-wrap  uagb-infobox-icon-above-title uagb-infobox-image-valign-top animated fadeIn delay-200ms slower\"><div class=\"uagb-ifb-content\"><div class=\"uagb-ifb-title-wrap\"><span class=\"uagb-ifb-title-prefix\">02<\/span><h3 class=\"uagb-ifb-title\">Desarrollo y Pruebas<\/h3><\/div><p class=\"uagb-ifb-desc\">Creamos y probamos el software o implementaci\u00f3n de IA, asegurando que se adapte perfectamente a tus requerimientos y est\u00e1ndares de calidad.<\/p><\/div><\/div>\n\n\n\n<div class=\"wp-block-uagb-info-box uagb-block-68e4a679 uagb-infobox__content-wrap  uagb-infobox-icon-above-title uagb-infobox-image-valign-top animated fadeIn delay-500ms slower\"><div class=\"uagb-ifb-content\"><div class=\"uagb-ifb-title-wrap\"><span class=\"uagb-ifb-title-prefix\">03<\/span><h3 class=\"uagb-ifb-title\">Implementaci\u00f3n y Soporte<\/h3><\/div><p class=\"uagb-ifb-desc\">Llevamos a cabo la implementaci\u00f3n de las soluciones y proporcionamos soporte continuo para garantizar un funcionamiento \u00f3ptimo y satisfactorio.<\/p><\/div><\/div>\n<\/div>\n<\/div><\/div>\n\n\n\n<div class=\"wp-block-uagb-container animated slideInRight slower delay-100ms uagb-block-c584b42a default uagb-is-root-container\">\n<div class=\"wp-block-uagb-info-box uagb-block-ffe5d344 uagb-infobox__content-wrap  uagb-infobox-icon-above-title uagb-infobox-image-valign-top wp-block-uagb-info-box--has-margin\"><div class=\"uagb-infobox-margin-wrapper\"><div class=\"uagb-ifb-content\"><div class=\"uagb-ifb-title-wrap\"><div class=\"uagb-ifb-separator\"><\/div><h2 class=\"uagb-ifb-title\">\u00a1Hablemos sobre tus ideas hoy!<\/h2><\/div><p class=\"uagb-ifb-desc\">Estamos aqu\u00ed para escuchar y ayudarte a llevar tu visi\u00f3n a la realidad.<\/p><div class=\"uagb-ifb-button-wrapper wp-block-button\"><a href=\"\/?page_id=20\/\" class=\"uagb-infobox-cta-link wp-block-button__link\" target=\"_self\" rel=\"noopener noreferrer\" onclick=\"return true;\"><span class=\"uagb-inline-editing\">Cont\u00e1ctanos<\/span><\/a><\/div><\/div><\/div><\/div>\n<\/div>\n","protected":false},"excerpt":{"rendered":"<p>Nuestros Servicios Soluciones de Software Personalizadas y Consultor\u00eda en IA \u00bfC\u00f3mo Funciona Nuestro Proceso?<\/p>\n","protected":false},"author":1,"featured_media":0,"parent":0,"menu_order":0,"comment_status":"closed","ping_status":"closed","template":"","meta":{"_uag_custom_page_level_css":"","site-sidebar-layout":"default","site-content-layout":"","ast-site-content-layout":"default","site-content-style":"default","site-sidebar-style":"default","ast-global-header-display":"","ast-banner-title-visibility":"","ast-main-header-display":"","ast-hfb-above-header-display":"","ast-hfb-below-header-display":"","ast-hfb-mobile-header-display":"","site-post-title":"disabled","ast-breadcrumbs-content":"","ast-featured-img":"","footer-sml-layout":"","ast-disable-related-posts":"","theme-transparent-header-meta":"","adv-header-id-meta":"","stick-header-meta":"","header-above-stick-meta":"","header-main-stick-meta":"","header-below-stick-meta":"","astra-migrate-meta-layouts":"default","ast-page-background-enabled":"default","ast-page-background-meta":{"desktop":{"background-color":"var(--ast-global-color-4)","background-image":"","background-repeat":"repeat","background-position":"center center","background-size":"auto","background-attachment":"scroll","background-type":"","background-media":"","overlay-type":"","overlay-color":"","overlay-opacity":"","overlay-gradient":""},"tablet":{"background-color":"","background-image":"","background-repeat":"repeat","background-position":"center center","background-size":"auto","background-attachment":"scroll","background-type":"","background-media":"","overlay-type":"","overlay-color":"","overlay-opacity":"","overlay-gradient":""},"mobile":{"background-color":"","background-image":"","background-repeat":"repeat","background-position":"center center","background-size":"auto","background-attachment":"scroll","background-type":"","background-media":"","overlay-type":"","overlay-color":"","overlay-opacity":"","overlay-gradient":""}},"ast-content-background-meta":{"desktop":{"background-color":"var(--ast-global-color-5)","background-image":"","background-repeat":"repeat","background-position":"center center","background-size":"auto","background-attachment":"scroll","background-type":"","background-media":"","overlay-type":"","overlay-color":"","overlay-opacity":"","overlay-gradient":""},"tablet":{"background-color":"var(--ast-global-color-5)","background-image":"","background-repeat":"repeat","background-position":"center center","background-size":"auto","background-attachment":"scroll","background-type":"","background-media":"","overlay-type":"","overlay-color":"","overlay-opacity":"","overlay-gradient":""},"mobile":{"background-color":"var(--ast-global-color-5)","background-image":"","background-repeat":"repeat","background-position":"center center","background-size":"auto","background-attachment":"scroll","background-type":"","background-media":"","overlay-type":"","overlay-color":"","overlay-opacity":"","overlay-gradient":""}},"footnotes":""},"class_list":["post-18","page","type-page","status-publish","hentry"],"yoast_head":"<!-- This site is optimized with the Yoast SEO plugin v25.9 - https:\/\/yoast.com\/wordpress\/plugins\/seo\/ -->\n<title>Services - Boundless<\/title>\n<meta name=\"robots\" content=\"index, follow, max-snippet:-1, max-image-preview:large, max-video-preview:-1\" \/>\n<link rel=\"canonical\" href=\"https:\/\/boundless.com.ar\/?page_id=18\" \/>\n<meta property=\"og:locale\" content=\"es_ES\" \/>\n<meta property=\"og:type\" content=\"article\" \/>\n<meta property=\"og:title\" content=\"Services - Boundless\" \/>\n<meta property=\"og:description\" content=\"Nuestros Servicios Soluciones de Software Personalizadas y Consultor\u00eda en IA \u00bfC\u00f3mo Funciona Nuestro Proceso?\" \/>\n<meta property=\"og:url\" content=\"https:\/\/boundless.com.ar\/?page_id=18\" \/>\n<meta property=\"og:site_name\" content=\"Boundless\" \/>\n<meta property=\"article:modified_time\" content=\"2025-08-19T22:27:34+00:00\" \/>\n<meta property=\"og:image\" content=\"http:\/\/boundless.com.ar\/wp-content\/uploads\/2025\/07\/pexels-photo-12935074.jpeg\" \/>\n<meta name=\"twitter:card\" content=\"summary_large_image\" \/>\n<meta name=\"twitter:label1\" content=\"Tiempo de lectura\" \/>\n\t<meta name=\"twitter:data1\" content=\"2 minutos\" \/>\n<script type=\"application\/ld+json\" class=\"yoast-schema-graph\">{\"@context\":\"https:\/\/schema.org\",\"@graph\":[{\"@type\":\"WebPage\",\"@id\":\"https:\/\/boundless.com.ar\/?page_id=18\",\"url\":\"https:\/\/boundless.com.ar\/?page_id=18\",\"name\":\"Services - Boundless\",\"isPartOf\":{\"@id\":\"https:\/\/boundless.com.ar\/#website\"},\"primaryImageOfPage\":{\"@id\":\"https:\/\/boundless.com.ar\/?page_id=18#primaryimage\"},\"image\":{\"@id\":\"https:\/\/boundless.com.ar\/?page_id=18#primaryimage\"},\"thumbnailUrl\":\"http:\/\/boundless.com.ar\/wp-content\/uploads\/2025\/07\/pexels-photo-12935074.jpeg\",\"datePublished\":\"2025-07-15T13:19:45+00:00\",\"dateModified\":\"2025-08-19T22:27:34+00:00\",\"breadcrumb\":{\"@id\":\"https:\/\/boundless.com.ar\/?page_id=18#breadcrumb\"},\"inLanguage\":\"es-AR\",\"potentialAction\":[{\"@type\":\"ReadAction\",\"target\":[\"https:\/\/boundless.com.ar\/?page_id=18\"]}]},{\"@type\":\"ImageObject\",\"inLanguage\":\"es-AR\",\"@id\":\"https:\/\/boundless.com.ar\/?page_id=18#primaryimage\",\"url\":\"http:\/\/boundless.com.ar\/wp-content\/uploads\/2025\/07\/pexels-photo-12935074.jpeg\",\"contentUrl\":\"http:\/\/boundless.com.ar\/wp-content\/uploads\/2025\/07\/pexels-photo-12935074.jpeg\"},{\"@type\":\"BreadcrumbList\",\"@id\":\"https:\/\/boundless.com.ar\/?page_id=18#breadcrumb\",\"itemListElement\":[{\"@type\":\"ListItem\",\"position\":1,\"name\":\"Inicio\",\"item\":\"https:\/\/boundless.com.ar\/\"},{\"@type\":\"ListItem\",\"position\":2,\"name\":\"Services\"}]},{\"@type\":\"WebSite\",\"@id\":\"https:\/\/boundless.com.ar\/#website\",\"url\":\"https:\/\/boundless.com.ar\/\",\"name\":\"Boundless\",\"description\":\"Creamos soluciones de software personalizadas y ofrecemos consultor\u00eda en IA para optimizar tus sistemas y procesos.\",\"publisher\":{\"@id\":\"https:\/\/boundless.com.ar\/#organization\"},\"potentialAction\":[{\"@type\":\"SearchAction\",\"target\":{\"@type\":\"EntryPoint\",\"urlTemplate\":\"https:\/\/boundless.com.ar\/?s={search_term_string}\"},\"query-input\":{\"@type\":\"PropertyValueSpecification\",\"valueRequired\":true,\"valueName\":\"search_term_string\"}}],\"inLanguage\":\"es-AR\"},{\"@type\":\"Organization\",\"@id\":\"https:\/\/boundless.com.ar\/#organization\",\"name\":\"Boundless\",\"url\":\"https:\/\/boundless.com.ar\/\",\"logo\":{\"@type\":\"ImageObject\",\"inLanguage\":\"es-AR\",\"@id\":\"https:\/\/boundless.com.ar\/#\/schema\/logo\/image\/\",\"url\":\"https:\/\/boundless.com.ar\/wp-content\/uploads\/2025\/08\/cropped-Sophisticated-Logo-with-Interconnecting-Lines-2.png\",\"contentUrl\":\"https:\/\/boundless.com.ar\/wp-content\/uploads\/2025\/08\/cropped-Sophisticated-Logo-with-Interconnecting-Lines-2.png\",\"width\":633,\"height\":643,\"caption\":\"Boundless\"},\"image\":{\"@id\":\"https:\/\/boundless.com.ar\/#\/schema\/logo\/image\/\"}}]}<\/script>\n<!-- \/ Yoast SEO plugin. -->","yoast_head_json":{"title":"Services - Boundless","robots":{"index":"index","follow":"follow","max-snippet":"max-snippet:-1","max-image-preview":"max-image-preview:large","max-video-preview":"max-video-preview:-1"},"canonical":"https:\/\/boundless.com.ar\/?page_id=18","og_locale":"es_ES","og_type":"article","og_title":"Services - Boundless","og_description":"Nuestros Servicios Soluciones de Software Personalizadas y Consultor\u00eda en IA \u00bfC\u00f3mo Funciona Nuestro Proceso?","og_url":"https:\/\/boundless.com.ar\/?page_id=18","og_site_name":"Boundless","article_modified_time":"2025-08-19T22:27:34+00:00","og_image":[{"url":"http:\/\/boundless.com.ar\/wp-content\/uploads\/2025\/07\/pexels-photo-12935074.jpeg","type":"","width":"","height":""}],"twitter_card":"summary_large_image","twitter_misc":{"Tiempo de lectura":"2 minutos"},"schema":{"@context":"https:\/\/schema.org","@graph":[{"@type":"WebPage","@id":"https:\/\/boundless.com.ar\/?page_id=18","url":"https:\/\/boundless.com.ar\/?page_id=18","name":"Services - Boundless","isPartOf":{"@id":"https:\/\/boundless.com.ar\/#website"},"primaryImageOfPage":{"@id":"https:\/\/boundless.com.ar\/?page_id=18#primaryimage"},"image":{"@id":"https:\/\/boundless.com.ar\/?page_id=18#primaryimage"},"thumbnailUrl":"http:\/\/boundless.com.ar\/wp-content\/uploads\/2025\/07\/pexels-photo-12935074.jpeg","datePublished":"2025-07-15T13:19:45+00:00","dateModified":"2025-08-19T22:27:34+00:00","breadcrumb":{"@id":"https:\/\/boundless.com.ar\/?page_id=18#breadcrumb"},"inLanguage":"es-AR","potentialAction":[{"@type":"ReadAction","target":["https:\/\/boundless.com.ar\/?page_id=18"]}]},{"@type":"ImageObject","inLanguage":"es-AR","@id":"https:\/\/boundless.com.ar\/?page_id=18#primaryimage","url":"http:\/\/boundless.com.ar\/wp-content\/uploads\/2025\/07\/pexels-photo-12935074.jpeg","contentUrl":"http:\/\/boundless.com.ar\/wp-content\/uploads\/2025\/07\/pexels-photo-12935074.jpeg"},{"@type":"BreadcrumbList","@id":"https:\/\/boundless.com.ar\/?page_id=18#breadcrumb","itemListElement":[{"@type":"ListItem","position":1,"name":"Inicio","item":"https:\/\/boundless.com.ar\/"},{"@type":"ListItem","position":2,"name":"Services"}]},{"@type":"WebSite","@id":"https:\/\/boundless.com.ar\/#website","url":"https:\/\/boundless.com.ar\/","name":"Boundless","description":"Creamos soluciones de software personalizadas y ofrecemos consultor\u00eda en IA para optimizar tus sistemas y procesos.","publisher":{"@id":"https:\/\/boundless.com.ar\/#organization"},"potentialAction":[{"@type":"SearchAction","target":{"@type":"EntryPoint","urlTemplate":"https:\/\/boundless.com.ar\/?s={search_term_string}"},"query-input":{"@type":"PropertyValueSpecification","valueRequired":true,"valueName":"search_term_string"}}],"inLanguage":"es-AR"},{"@type":"Organization","@id":"https:\/\/boundless.com.ar\/#organization","name":"Boundless","url":"https:\/\/boundless.com.ar\/","logo":{"@type":"ImageObject","inLanguage":"es-AR","@id":"https:\/\/boundless.com.ar\/#\/schema\/logo\/image\/","url":"https:\/\/boundless.com.ar\/wp-content\/uploads\/2025\/08\/cropped-Sophisticated-Logo-with-Interconnecting-Lines-2.png","contentUrl":"https:\/\/boundless.com.ar\/wp-content\/uploads\/2025\/08\/cropped-Sophisticated-Logo-with-Interconnecting-Lines-2.png","width":633,"height":643,"caption":"Boundless"},"image":{"@id":"https:\/\/boundless.com.ar\/#\/schema\/logo\/image\/"}}]}},"uagb_featured_image_src":{"full":false,"thumbnail":false,"medium":false,"medium_large":false,"large":false,"1536x1536":false,"2048x2048":false},"uagb_author_info":{"display_name":"boundless","author_link":"https:\/\/boundless.com.ar\/?author=1"},"uagb_comment_info":0,"uagb_excerpt":"Nuestros Servicios Soluciones de Software Personalizadas y Consultor\u00eda en IA \u00bfC\u00f3mo Funciona Nuestro Proceso?","_links":{"self":[{"href":"https:\/\/boundless.com.ar\/index.php?rest_route=\/wp\/v2\/pages\/18","targetHints":{"allow":["GET"]}}],"collection":[{"href":"https:\/\/boundless.com.ar\/index.php?rest_route=\/wp\/v2\/pages"}],"about":[{"href":"https:\/\/boundless.com.ar\/index.php?rest_route=\/wp\/v2\/types\/page"}],"author":[{"embeddable":true,"href":"https:\/\/boundless.com.ar\/index.php?rest_route=\/wp\/v2\/users\/1"}],"replies":[{"embeddable":true,"href":"https:\/\/boundless.com.ar\/index.php?rest_route=%2Fwp%2Fv2%2Fcomments&post=18"}],"version-history":[{"count":6,"href":"https:\/\/boundless.com.ar\/index.php?rest_route=\/wp\/v2\/pages\/18\/revisions"}],"predecessor-version":[{"id":417,"href":"https:\/\/boundless.com.ar\/index.php?rest_route=\/wp\/v2\/pages\/18\/revisions\/417"}],"wp:attachment":[{"href":"https:\/\/boundless.com.ar\/index.php?rest_route=%2Fwp%2Fv2%2Fmedia&parent=18"}],"curies":[{"name":"wp","href":"https:\/\/api.w.org\/{rel}","templated":true}]}}