{"id":15,"date":"2025-07-15T13:19:41","date_gmt":"2025-07-15T13:19:41","guid":{"rendered":"https:\/\/boundless.com.ar\/?page_id=15"},"modified":"2025-09-16T01:18:02","modified_gmt":"2025-09-16T04:18:02","slug":"inicio","status":"publish","type":"page","link":"https:\/\/boundless.com.ar\/","title":{"rendered":"Home"},"content":{"rendered":"\n<div class=\"wp-block-uagb-container uagb-block-abb85a82 alignfull uagb-is-root-container\"><div class=\"uagb-container-inner-blocks-wrap\">\n<div class=\"wp-block-uagb-info-box uagb-block-2ba65764 uagb-infobox__content-wrap  uagb-infobox-icon-above-title uagb-infobox-image-valign-top wp-block-uagb-info-box--has-margin animated fadeIn\"><div class=\"uagb-infobox-margin-wrapper\"><div class=\"uagb-ifb-content\"><div class=\"uagb-ifb-title-wrap\"><span class=\"uagb-ifb-title-prefix\">Tu soluci\u00f3n<\/span><h1 class=\"uagb-ifb-title\">Desarrollo de Software a Medida<\/h1><\/div><p class=\"uagb-ifb-desc\">Creamos soluciones de software personalizadas y ofrecemos consultor\u00eda en IA para optimizar tus sistemas y procesos.<\/p><div class=\"uagb-ifb-button-wrapper wp-block-button\"><a href=\"?page_id=20\/\" class=\"uagb-infobox-cta-link wp-block-button__link\" target=\"_self\" rel=\"noopener noreferrer\" onclick=\"return true;\"><span class=\"uagb-inline-editing\">Contact\u00e1nos<\/span><\/a><\/div><\/div><\/div><\/div>\n\n\n\n<div class=\"wp-block-uagb-image aligncenter uagb-block-f8b35cf0 wp-block-uagb-image--layout-default wp-block-uagb-image--effect-static wp-block-uagb-image--align-center animated fadeIn delay-200ms\"><figure class=\"wp-block-uagb-image__figure\"><img decoding=\"async\" srcset=\"https:\/\/boundless.com.ar\/wp-content\/uploads\/2025\/08\/growtika-9WnjxT1NCoY-unsplash-1024x576.jpg ,https:\/\/boundless.com.ar\/wp-content\/uploads\/2025\/08\/growtika-9WnjxT1NCoY-unsplash-scaled.jpg 780w, https:\/\/boundless.com.ar\/wp-content\/uploads\/2025\/08\/growtika-9WnjxT1NCoY-unsplash-scaled.jpg 360w\" sizes=\"auto, (max-width: 480px) 150px\" src=\"https:\/\/boundless.com.ar\/wp-content\/uploads\/2025\/08\/growtika-9WnjxT1NCoY-unsplash-1024x576.jpg\" alt=\"\" class=\"uag-image-377\" width=\"1200\" height=\"600\" title=\"growtika-9WnjxT1NCoY-unsplash\" loading=\"lazy\" role=\"img\"\/><\/figure><\/div>\n<\/div><\/div>\n\n\n\n<div class=\"wp-block-uagb-container uagb-block-2fb8bdc1 alignfull uagb-is-root-container\"><div class=\"uagb-container-inner-blocks-wrap\">\n<div class=\"wp-block-uagb-container animated fadeIn delay-200ms uagb-block-0f29484c default uagb-is-root-container\">\n<div class=\"wp-block-uagb-container uagb-block-b45334a0\">\n<div\n\t\tclass=\"align wp-block-ttb-text-typing\"\tid='ttbTextTyping-1'\n\tdata-attributes='{&quot;prefixText&quot;:&quot;&quot;,&quot;typingContents&quot;:[{&quot;text&quot;:&quot;Somos\\u00a0Boundless, una compa\\u00f1\\u00eda que transforma ideas en soluciones tecnol\\u00f3gicas. Nuestro enfoque est\\u00e1 en crear valor real a trav\\u00e9s de software e inteligencia artificial. Decenas de clientes ya experimentan cambios visibles con nosotros.             \\u00bfEst\\u00e1s listo para ver tus ideas convertirse en soluciones reales?&quot;,&quot;color&quot;:&quot;var(--ast-global-color-5)&quot;}],&quot;typeSpeed&quot;:15,&quot;isLoop&quot;:false,&quot;isCursor&quot;:false,&quot;textAlign&quot;:&quot;left&quot;,&quot;prefixTypo&quot;:{&quot;fontSize&quot;:{&quot;desktop&quot;:&quot;48px&quot;,&quot;tablet&quot;:20,&quot;mobile&quot;:18}},&quot;typingContentsTypo&quot;:{&quot;fontSize&quot;:{&quot;desktop&quot;:&quot;48px&quot;,&quot;tablet&quot;:20,&quot;mobile&quot;:18},&quot;fontWeight&quot;:400,&quot;isUploadFont&quot;:false,&quot;fontFamily&quot;:&quot;Default&quot;,&quot;fontCategory&quot;:&quot;sans-serif&quot;,&quot;fontVariant&quot;:400},&quot;align&quot;:&quot;&quot;,&quot;suffixText&quot;:&quot;&quot;,&quot;startDelay&quot;:500,&quot;backSpeed&quot;:75,&quot;backDelay&quot;:500,&quot;isShuffle&quot;:false,&quot;isFadeOut&quot;:false,&quot;fadeOutDelay&quot;:500,&quot;loopCount&quot;:0,&quot;cursorChar&quot;:&quot;|&quot;,&quot;background&quot;:{&quot;color&quot;:&quot;#0000&quot;},&quot;padding&quot;:{&quot;vertical&quot;:&quot;10px&quot;,&quot;horizontal&quot;:&quot;15px&quot;},&quot;prefixColor&quot;:&quot;#333&quot;,&quot;suffixTypo&quot;:{&quot;fontSize&quot;:{&quot;desktop&quot;:22,&quot;tablet&quot;:20,&quot;mobile&quot;:18}},&quot;suffixColor&quot;:&quot;#333&quot;}'\n><\/div><\/div>\n<\/div>\n<\/div><\/div>\n\n\n\n<div class=\"wp-block-uagb-container animated fadeIn delay-500ms slower uagb-block-114281d7 default uagb-is-root-container\">\n<div class=\"wp-block-uagb-advanced-heading uagb-block-72d04177\"><h2 class=\"uagb-heading-text\">Nuestros Servicios<\/h2><div class=\"uagb-separator\"><\/div><\/div>\n\n\n\n<div class=\"wp-block-uagb-container uagb-block-931ecf94\">\n<div class=\"wp-block-uagb-info-box uagb-block-283cb0f3 uagb-infobox__content-wrap  uagb-infobox-icon-above-title uagb-infobox-image-valign-top animated fadeIn delay-200ms\"><div class=\"uagb-ifb-content\"><div class=\"uagb-ifb-title-wrap\"><h3 class=\"uagb-ifb-title\">Desarrollo de Software<\/h3><\/div><p class=\"uagb-ifb-desc\">Creamos aplicaciones a medida para satisfacer tus necesidades espec\u00edficas.<\/p><\/div><\/div>\n\n\n\n<div class=\"wp-block-uagb-info-box uagb-block-d3f44da8 uagb-infobox__content-wrap  uagb-infobox-icon-above-title uagb-infobox-image-valign-top animated fadeIn delay-200ms slower\"><div class=\"uagb-ifb-content\"><div class=\"uagb-ifb-title-wrap\"><h3 class=\"uagb-ifb-title\">Consultor\u00eda en IA<\/h3><\/div><p class=\"uagb-ifb-desc\">Ofrecemos asesoramiento especializado para implementar inteligencia artificial en tu empresa.<\/p><\/div><\/div>\n\n\n\n<div class=\"wp-block-uagb-info-box uagb-block-89205c12 uagb-infobox__content-wrap  uagb-infobox-icon-above-title uagb-infobox-image-valign-top wp-block-uagb-info-box--has-margin animated fadeIn delay-200ms slow\"><div class=\"uagb-infobox-margin-wrapper\"><div class=\"uagb-ifb-content\"><div class=\"uagb-ifb-title-wrap\"><h3 class=\"uagb-ifb-title\">Automatizaci\u00f3n de Procesos<\/h3><\/div><p class=\"uagb-ifb-desc\">Implementamos soluciones que optimizan tus flujos de trabajo y aumentan la eficiencia.<\/p><\/div><\/div><\/div>\n<\/div>\n<\/div>\n\n\n\n<div class=\"wp-block-uagb-container animated fadeIn slower delay-500ms uagb-layout-flex uagb-block-e06056a5 default uagb-is-root-container\">\n<div class=\"wp-block-uagb-advanced-heading uagb-block-a5d004a0\"><div class=\"uagb-separator\"><\/div><h2 class=\"uagb-heading-text\">Mas acerca de nuestros servicios<\/h2><\/div>\n\n\n\n<div class=\"wp-block-buttons is-content-justification-center is-layout-flex wp-container-core-buttons-is-layout-a89b3969 wp-block-buttons-is-layout-flex\">\n<div class=\"wp-block-button\"><a class=\"wp-block-button__link wp-element-button\">Servicios<\/a><\/div>\n<\/div>\n<\/div>\n\n\n\n<div class=\"wp-block-uagb-container uagb-block-5437e5fe alignfull uagb-is-root-container\"><div class=\"uagb-container-inner-blocks-wrap\">\n<div class=\"wp-block-uagb-advanced-heading uagb-block-7ae2d4dc animated fadeIn slower\"><h2 class=\"uagb-heading-text\">Nuestra Propuesta de Valor<\/h2><div class=\"uagb-separator\"><\/div><\/div>\n\n\n\n<div class=\"wp-block-uagb-container animated slideInLeft uagb-layout-grid uagb-block-33274078\">\n<div class=\"wp-block-uagb-advanced-heading uagb-block-8b6b4270\"><h3 class=\"uagb-heading-text\">01<\/h3><\/div>\n\n\n\n<div class=\"wp-block-uagb-advanced-heading uagb-block-5730315d\"><h3 class=\"uagb-heading-text\">Personalizaci\u00f3n<\/h3><\/div>\n\n\n\n<div class=\"wp-block-uagb-advanced-heading uagb-block-204d1a8b\"><p class=\"uagb-heading-text\">Nuestros servicios se adaptan a las necesidades espec\u00edficas de cada cliente, garantizando soluciones \u00fanicas y efectivas.<\/p><\/div>\n<\/div>\n\n\n\n<div class=\"wp-block-uagb-container animated slideInLeft slower uagb-layout-grid uagb-block-4e102004\">\n<div class=\"wp-block-uagb-advanced-heading uagb-block-cdaed719\"><h3 class=\"uagb-heading-text\">02<\/h3><\/div>\n\n\n\n<div class=\"wp-block-uagb-advanced-heading uagb-block-cc12e72a\"><h3 class=\"uagb-heading-text\">Expertos en IA<\/h3><\/div>\n\n\n\n<div class=\"wp-block-uagb-advanced-heading uagb-block-4906a36c\"><p class=\"uagb-heading-text\">Contamos con un equipo de expertos en inteligencia artificial que optimizan y mejoran tus sistemas para maximizar la eficiencia.<\/p><\/div>\n<\/div>\n\n\n\n<div class=\"wp-block-uagb-container animated slideInLeft slow uagb-layout-grid uagb-block-c6f9629e\">\n<div class=\"wp-block-uagb-advanced-heading uagb-block-926e7242\"><h3 class=\"uagb-heading-text\">03<\/h3><\/div>\n\n\n\n<div class=\"wp-block-uagb-advanced-heading uagb-block-853ff8a0\"><h3 class=\"uagb-heading-text\">Soporte Continuo<\/h3><\/div>\n\n\n\n<div class=\"wp-block-uagb-advanced-heading uagb-block-770ca4df\"><p class=\"uagb-heading-text\">Ofrecemos un soporte t\u00e9cnico constante, asegurando que tus sistemas funcionen sin interrupciones y se mantengan actualizados.<\/p><\/div>\n<\/div>\n<\/div><\/div>\n\n\n\n<div class=\"wp-block-uagb-container animated jackInTheBox uagb-layout-grid uagb-block-c78a7fea default uagb-is-root-container\">      \n\t\t\t<div class=\"uagb-icon-wrapper uagb-block-d2045768      \"\n\t\t\tstyle=\"\" >\n\t\t\t\t\t\t\t\t\t<span class=\"uagb-svg-wrapper\" \n\t\t\t\t\t aria-label=\"quote-left\"\t\t\t\t\ttabindex=\"0\">\t\t\n\t\t\t\t\t\t\t\t\t\t<svg xmlns=\"https:\/\/www.w3.org\/2000\/svg\" viewBox= \"0 0 448 512\" role=\"graphics-symbol\" aria-hidden=\"false\" aria-label=\"\"><path d=\"M96 224C84.72 224 74.05 226.3 64 229.9V224c0-35.3 28.7-64 64-64c17.67 0 32-14.33 32-32S145.7 96 128 96C57.42 96 0 153.4 0 224v96c0 53.02 42.98 96 96 96s96-42.98 96-96S149 224 96 224zM352 224c-11.28 0-21.95 2.305-32 5.879V224c0-35.3 28.7-64 64-64c17.67 0 32-14.33 32-32s-14.33-32-32-32c-70.58 0-128 57.42-128 128v96c0 53.02 42.98 96 96 96s96-42.98 96-96S405 224 352 224z\"><\/path><\/svg>\n\t\t\t\t\t\t\t\t\t<\/span>\n\t\t\t\t\t\t\t<\/div>\n\t\t\t\n\n\n<div class=\"wp-block-uagb-testimonial uagb-slick-carousel uagb-tm__arrow-outside uagb-block-7151abf3\"><div class=\"is-carousel uagb-tm__columns-1 uagb-tm__items\"><div class=\"uagb-testimonial__wrap  uagb-tm__imgicon-style-circle uagb-tm__image-position-bottom uagb-tm__bg-type-none \"><div class=\"uagb-tm__content\"><div class=\"uagb-tm__overlay\"><\/div><div class=\"uagb-tm__text-wrap\"><div class=\"uagb-tm__desc\">El equipo de Boundless transform\u00f3 nuestra manera de trabajar. Su software ha aumentado nuestra productividad de forma impresionante.<\/div><div class=\"uagb-tm__meta-inner\"><div class=\"uagb-testimonial-details\"><span class=\"uagb-tm__author-name\">Erick Savoy<\/span><span class=\"uagb-tm__company\"><\/span><\/div><\/div><\/div><\/div><\/div><div class=\"uagb-testimonial__wrap  uagb-tm__imgicon-style-circle uagb-tm__image-position-bottom uagb-tm__bg-type-none \"><div class=\"uagb-tm__content\"><div class=\"uagb-tm__overlay\"><\/div><div class=\"uagb-tm__text-wrap\"><div class=\"uagb-tm__desc\">La consultor\u00eda en IA de Boundless nos ayud\u00f3 a identificar \u00e1reas clave de mejora. Altamente recommendables.<\/div><div class=\"uagb-tm__meta-inner\"><div class=\"uagb-testimonial-details\"><span class=\"uagb-tm__author-name\">Lucas Fried<\/span><span class=\"uagb-tm__company\"><\/span><\/div><\/div><\/div><\/div><\/div><div class=\"uagb-testimonial__wrap  uagb-tm__imgicon-style-circle uagb-tm__image-position-bottom uagb-tm__bg-type-none \"><div class=\"uagb-tm__content\"><div class=\"uagb-tm__overlay\"><\/div><div class=\"uagb-tm__text-wrap\"><div class=\"uagb-tm__desc\">La combinaci\u00f3n de software personalizado e inteligencia artificial hizo nuestros procesos m\u00e1s r\u00e1pidos, precisos y eficientes. Una transformaci\u00f3n real en nuestra operaci\u00f3n diaria.<\/div><div class=\"uagb-tm__meta-inner\"><div class=\"uagb-testimonial-details\"><span class=\"uagb-tm__author-name\">Pablo Klapman<\/span><span class=\"uagb-tm__company\"><\/span><\/div><\/div><\/div><\/div><\/div><div class=\"uagb-testimonial__wrap  uagb-tm__imgicon-style-circle uagb-tm__image-position-bottom uagb-tm__bg-type-none \"><div class=\"uagb-tm__content\"><div class=\"uagb-tm__overlay\"><\/div><div class=\"uagb-tm__text-wrap\"><div class=\"uagb-tm__desc\">La integraci\u00f3n de inteligencia artificial permiti\u00f3 decisiones m\u00e1s r\u00e1pidas y acertadas, optimizando recursos y potenciando nuestro negocio de manera significativa.<\/div><div class=\"uagb-tm__meta-inner\"><div class=\"uagb-testimonial-details\"><span class=\"uagb-tm__author-name\">Romina Caseres <\/span><span class=\"uagb-tm__company\"><\/span><\/div><\/div><\/div><\/div><\/div><div class=\"uagb-testimonial__wrap  uagb-tm__imgicon-style-circle uagb-tm__image-position-bottom uagb-tm__bg-type-none \"><div class=\"uagb-tm__content\"><div class=\"uagb-tm__overlay\"><\/div><div class=\"uagb-tm__text-wrap\"><div class=\"uagb-tm__desc\">El software a medida que implementaron mejor\u00f3 nuestros procesos, haciendo todo m\u00e1s \u00e1gil y eficiente. Atenci\u00f3n profesional y resultados visibles desde el primer d\u00eda.<\/div><div class=\"uagb-tm__meta-inner\"><div class=\"uagb-testimonial-details\"><span class=\"uagb-tm__author-name\">Braian Nes<\/span><span class=\"uagb-tm__company\"><\/span><\/div><\/div><\/div><\/div><\/div><div class=\"uagb-testimonial__wrap  uagb-tm__imgicon-style-circle uagb-tm__image-position-bottom uagb-tm__bg-type-none \"><div class=\"uagb-tm__content\"><div class=\"uagb-tm__overlay\"><\/div><div class=\"uagb-tm__text-wrap\"><div class=\"uagb-tm__desc\">Boundless desarroll\u00f3 software a medida para nuestra empresa. Los procesos ahora son m\u00e1s \u00e1giles y eficientes. Excelente atenci\u00f3n y resultados garantizados.<\/div><div class=\"uagb-tm__meta-inner\"><div class=\"uagb-testimonial-details\"><span class=\"uagb-tm__author-name\">Elias Mescal<\/span><span class=\"uagb-tm__company\"><\/span><\/div><\/div><\/div><\/div><\/div><div class=\"uagb-testimonial__wrap  uagb-tm__imgicon-style-circle uagb-tm__image-position-bottom uagb-tm__bg-type-none \"><div class=\"uagb-tm__content\"><div class=\"uagb-tm__overlay\"><\/div><div class=\"uagb-tm__text-wrap\"><div class=\"uagb-tm__desc\">Automatizar procesos manuales nos ahorr\u00f3 mucho tiempo y redujo errores.Gracias a Boundless el equipo ahora puede concentrarse en tareas m\u00e1s estrat\u00e9gicas y creativas.<\/div><div class=\"uagb-tm__meta-inner\"><div class=\"uagb-testimonial-details\"><span class=\"uagb-tm__author-name\">Johana Fuchs<\/span><span class=\"uagb-tm__company\"><\/span><\/div><\/div><\/div><\/div><\/div><\/div><\/div>\n<\/div>\n\n\n\n<div class=\"wp-block-uagb-container animated backInUp slower uagb-layout-flex uagb-block-a64c6efb default uagb-is-root-container\">\n<div class=\"wp-block-uagb-advanced-heading uagb-block-3b533022 animated fadeIn delay-200ms slower\"><div class=\"uagb-separator\"><\/div><h2 class=\"uagb-heading-text\">Por cualquier consulta cont\u00e1ctate con nosotros <\/h2><\/div>\n\n\n\n<div class=\"wp-block-buttons animated fadeIn delay-500ms is-content-justification-center is-layout-flex wp-container-core-buttons-is-layout-a89b3969 wp-block-buttons-is-layout-flex\">\n<div class=\"wp-block-button\"><a class=\"wp-block-button__link wp-element-button\" href=\"?page_id=20\/\" rel=\"https:\/\/boundless.com.ar\/?page_id=20\">Contacto<\/a><\/div>\n<\/div>\n<\/div>\n\n\n\n<p><\/p>\n","protected":false},"excerpt":{"rendered":"<p>Nuestros Servicios Mas acerca de nuestros servicios Nuestra Propuesta de Valor 01 Personalizaci\u00f3n Nuestros servicios se adaptan a las necesidades [&hellip;]<\/p>\n","protected":false},"author":1,"featured_media":0,"parent":0,"menu_order":0,"comment_status":"closed","ping_status":"closed","template":"","meta":{"_uag_custom_page_level_css":"","site-sidebar-layout":"default","site-content-layout":"","ast-site-content-layout":"default","site-content-style":"default","site-sidebar-style":"default","ast-global-header-display":"","ast-banner-title-visibility":"","ast-main-header-display":"","ast-hfb-above-header-display":"","ast-hfb-below-header-display":"","ast-hfb-mobile-header-display":"","site-post-title":"disabled","ast-breadcrumbs-content":"","ast-featured-img":"","footer-sml-layout":"","ast-disable-related-posts":"","theme-transparent-header-meta":"","adv-header-id-meta":"","stick-header-meta":"","header-above-stick-meta":"","header-main-stick-meta":"","header-below-stick-meta":"","astra-migrate-meta-layouts":"default","ast-page-background-enabled":"default","ast-page-background-meta":{"desktop":{"background-color":"var(--ast-global-color-4)","background-image":"","background-repeat":"repeat","background-position":"center center","background-size":"auto","background-attachment":"scroll","background-type":"","background-media":"","overlay-type":"","overlay-color":"","overlay-opacity":"","overlay-gradient":""},"tablet":{"background-color":"","background-image":"","background-repeat":"repeat","background-position":"center center","background-size":"auto","background-attachment":"scroll","background-type":"","background-media":"","overlay-type":"","overlay-color":"","overlay-opacity":"","overlay-gradient":""},"mobile":{"background-color":"","background-image":"","background-repeat":"repeat","background-position":"center center","background-size":"auto","background-attachment":"scroll","background-type":"","background-media":"","overlay-type":"","overlay-color":"","overlay-opacity":"","overlay-gradient":""}},"ast-content-background-meta":{"desktop":{"background-color":"var(--ast-global-color-5)","background-image":"","background-repeat":"repeat","background-position":"center center","background-size":"auto","background-attachment":"scroll","background-type":"","background-media":"","overlay-type":"","overlay-color":"","overlay-opacity":"","overlay-gradient":""},"tablet":{"background-color":"var(--ast-global-color-5)","background-image":"","background-repeat":"repeat","background-position":"center center","background-size":"auto","background-attachment":"scroll","background-type":"","background-media":"","overlay-type":"","overlay-color":"","overlay-opacity":"","overlay-gradient":""},"mobile":{"background-color":"var(--ast-global-color-5)","background-image":"","background-repeat":"repeat","background-position":"center center","background-size":"auto","background-attachment":"scroll","background-type":"","background-media":"","overlay-type":"","overlay-color":"","overlay-opacity":"","overlay-gradient":""}},"footnotes":""},"class_list":["post-15","page","type-page","status-publish","hentry"],"yoast_head":"<!-- This site is optimized with the Yoast SEO plugin v25.9 - https:\/\/yoast.com\/wordpress\/plugins\/seo\/ -->\n<title>Home - Boundless<\/title>\n<meta name=\"robots\" content=\"index, follow, max-snippet:-1, max-image-preview:large, max-video-preview:-1\" \/>\n<link rel=\"canonical\" href=\"https:\/\/boundless.com.ar\/\" \/>\n<meta property=\"og:locale\" content=\"es_ES\" \/>\n<meta property=\"og:type\" content=\"article\" \/>\n<meta property=\"og:title\" content=\"Home - Boundless\" \/>\n<meta property=\"og:description\" content=\"Nuestros Servicios Mas acerca de nuestros servicios Nuestra Propuesta de Valor 01 Personalizaci\u00f3n Nuestros servicios se adaptan a las necesidades [&hellip;]\" \/>\n<meta property=\"og:url\" content=\"https:\/\/boundless.com.ar\/\" \/>\n<meta property=\"og:site_name\" content=\"Boundless\" \/>\n<meta property=\"article:modified_time\" content=\"2025-09-16T04:18:02+00:00\" \/>\n<meta property=\"og:image\" content=\"https:\/\/boundless.com.ar\/wp-content\/uploads\/2025\/08\/growtika-9WnjxT1NCoY-unsplash-1024x576.jpg\" \/>\n<meta name=\"twitter:card\" content=\"summary_large_image\" \/>\n<meta name=\"twitter:label1\" content=\"Tiempo de lectura\" \/>\n\t<meta name=\"twitter:data1\" content=\"2 minutos\" \/>\n<script type=\"application\/ld+json\" class=\"yoast-schema-graph\">{\"@context\":\"https:\/\/schema.org\",\"@graph\":[{\"@type\":\"WebPage\",\"@id\":\"https:\/\/boundless.com.ar\/\",\"url\":\"https:\/\/boundless.com.ar\/\",\"name\":\"Home - Boundless\",\"isPartOf\":{\"@id\":\"https:\/\/boundless.com.ar\/#website\"},\"primaryImageOfPage\":{\"@id\":\"https:\/\/boundless.com.ar\/#primaryimage\"},\"image\":{\"@id\":\"https:\/\/boundless.com.ar\/#primaryimage\"},\"thumbnailUrl\":\"https:\/\/boundless.com.ar\/wp-content\/uploads\/2025\/08\/growtika-9WnjxT1NCoY-unsplash-1024x576.jpg\",\"datePublished\":\"2025-07-15T13:19:41+00:00\",\"dateModified\":\"2025-09-16T04:18:02+00:00\",\"breadcrumb\":{\"@id\":\"https:\/\/boundless.com.ar\/#breadcrumb\"},\"inLanguage\":\"es-AR\",\"potentialAction\":[{\"@type\":\"ReadAction\",\"target\":[\"https:\/\/boundless.com.ar\/\"]}]},{\"@type\":\"ImageObject\",\"inLanguage\":\"es-AR\",\"@id\":\"https:\/\/boundless.com.ar\/#primaryimage\",\"url\":\"https:\/\/boundless.com.ar\/wp-content\/uploads\/2025\/08\/growtika-9WnjxT1NCoY-unsplash-scaled.jpg\",\"contentUrl\":\"https:\/\/boundless.com.ar\/wp-content\/uploads\/2025\/08\/growtika-9WnjxT1NCoY-unsplash-scaled.jpg\",\"width\":2560,\"height\":1440},{\"@type\":\"BreadcrumbList\",\"@id\":\"https:\/\/boundless.com.ar\/#breadcrumb\",\"itemListElement\":[{\"@type\":\"ListItem\",\"position\":1,\"name\":\"Inicio\",\"item\":\"https:\/\/boundless.com.ar\/\"},{\"@type\":\"ListItem\",\"position\":2,\"name\":\"Home\"}]},{\"@type\":\"WebSite\",\"@id\":\"https:\/\/boundless.com.ar\/#website\",\"url\":\"https:\/\/boundless.com.ar\/\",\"name\":\"Boundless\",\"description\":\"Creamos soluciones de software personalizadas y ofrecemos consultor\u00eda en IA para optimizar tus sistemas y procesos.\",\"publisher\":{\"@id\":\"https:\/\/boundless.com.ar\/#organization\"},\"potentialAction\":[{\"@type\":\"SearchAction\",\"target\":{\"@type\":\"EntryPoint\",\"urlTemplate\":\"https:\/\/boundless.com.ar\/?s={search_term_string}\"},\"query-input\":{\"@type\":\"PropertyValueSpecification\",\"valueRequired\":true,\"valueName\":\"search_term_string\"}}],\"inLanguage\":\"es-AR\"},{\"@type\":\"Organization\",\"@id\":\"https:\/\/boundless.com.ar\/#organization\",\"name\":\"Boundless\",\"url\":\"https:\/\/boundless.com.ar\/\",\"logo\":{\"@type\":\"ImageObject\",\"inLanguage\":\"es-AR\",\"@id\":\"https:\/\/boundless.com.ar\/#\/schema\/logo\/image\/\",\"url\":\"https:\/\/boundless.com.ar\/wp-content\/uploads\/2025\/08\/cropped-Sophisticated-Logo-with-Interconnecting-Lines-2.png\",\"contentUrl\":\"https:\/\/boundless.com.ar\/wp-content\/uploads\/2025\/08\/cropped-Sophisticated-Logo-with-Interconnecting-Lines-2.png\",\"width\":633,\"height\":643,\"caption\":\"Boundless\"},\"image\":{\"@id\":\"https:\/\/boundless.com.ar\/#\/schema\/logo\/image\/\"}}]}<\/script>\n<!-- \/ Yoast SEO plugin. -->","yoast_head_json":{"title":"Home - Boundless","robots":{"index":"index","follow":"follow","max-snippet":"max-snippet:-1","max-image-preview":"max-image-preview:large","max-video-preview":"max-video-preview:-1"},"canonical":"https:\/\/boundless.com.ar\/","og_locale":"es_ES","og_type":"article","og_title":"Home - Boundless","og_description":"Nuestros Servicios Mas acerca de nuestros servicios Nuestra Propuesta de Valor 01 Personalizaci\u00f3n Nuestros servicios se adaptan a las necesidades [&hellip;]","og_url":"https:\/\/boundless.com.ar\/","og_site_name":"Boundless","article_modified_time":"2025-09-16T04:18:02+00:00","og_image":[{"url":"https:\/\/boundless.com.ar\/wp-content\/uploads\/2025\/08\/growtika-9WnjxT1NCoY-unsplash-1024x576.jpg","type":"","width":"","height":""}],"twitter_card":"summary_large_image","twitter_misc":{"Tiempo de lectura":"2 minutos"},"schema":{"@context":"https:\/\/schema.org","@graph":[{"@type":"WebPage","@id":"https:\/\/boundless.com.ar\/","url":"https:\/\/boundless.com.ar\/","name":"Home - Boundless","isPartOf":{"@id":"https:\/\/boundless.com.ar\/#website"},"primaryImageOfPage":{"@id":"https:\/\/boundless.com.ar\/#primaryimage"},"image":{"@id":"https:\/\/boundless.com.ar\/#primaryimage"},"thumbnailUrl":"https:\/\/boundless.com.ar\/wp-content\/uploads\/2025\/08\/growtika-9WnjxT1NCoY-unsplash-1024x576.jpg","datePublished":"2025-07-15T13:19:41+00:00","dateModified":"2025-09-16T04:18:02+00:00","breadcrumb":{"@id":"https:\/\/boundless.com.ar\/#breadcrumb"},"inLanguage":"es-AR","potentialAction":[{"@type":"ReadAction","target":["https:\/\/boundless.com.ar\/"]}]},{"@type":"ImageObject","inLanguage":"es-AR","@id":"https:\/\/boundless.com.ar\/#primaryimage","url":"https:\/\/boundless.com.ar\/wp-content\/uploads\/2025\/08\/growtika-9WnjxT1NCoY-unsplash-scaled.jpg","contentUrl":"https:\/\/boundless.com.ar\/wp-content\/uploads\/2025\/08\/growtika-9WnjxT1NCoY-unsplash-scaled.jpg","width":2560,"height":1440},{"@type":"BreadcrumbList","@id":"https:\/\/boundless.com.ar\/#breadcrumb","itemListElement":[{"@type":"ListItem","position":1,"name":"Inicio","item":"https:\/\/boundless.com.ar\/"},{"@type":"ListItem","position":2,"name":"Home"}]},{"@type":"WebSite","@id":"https:\/\/boundless.com.ar\/#website","url":"https:\/\/boundless.com.ar\/","name":"Boundless","description":"Creamos soluciones de software personalizadas y ofrecemos consultor\u00eda en IA para optimizar tus sistemas y procesos.","publisher":{"@id":"https:\/\/boundless.com.ar\/#organization"},"potentialAction":[{"@type":"SearchAction","target":{"@type":"EntryPoint","urlTemplate":"https:\/\/boundless.com.ar\/?s={search_term_string}"},"query-input":{"@type":"PropertyValueSpecification","valueRequired":true,"valueName":"search_term_string"}}],"inLanguage":"es-AR"},{"@type":"Organization","@id":"https:\/\/boundless.com.ar\/#organization","name":"Boundless","url":"https:\/\/boundless.com.ar\/","logo":{"@type":"ImageObject","inLanguage":"es-AR","@id":"https:\/\/boundless.com.ar\/#\/schema\/logo\/image\/","url":"https:\/\/boundless.com.ar\/wp-content\/uploads\/2025\/08\/cropped-Sophisticated-Logo-with-Interconnecting-Lines-2.png","contentUrl":"https:\/\/boundless.com.ar\/wp-content\/uploads\/2025\/08\/cropped-Sophisticated-Logo-with-Interconnecting-Lines-2.png","width":633,"height":643,"caption":"Boundless"},"image":{"@id":"https:\/\/boundless.com.ar\/#\/schema\/logo\/image\/"}}]}},"uagb_featured_image_src":{"full":false,"thumbnail":false,"medium":false,"medium_large":false,"large":false,"1536x1536":false,"2048x2048":false},"uagb_author_info":{"display_name":"boundless","author_link":"https:\/\/boundless.com.ar\/?author=1"},"uagb_comment_info":0,"uagb_excerpt":"Nuestros Servicios Mas acerca de nuestros servicios Nuestra Propuesta de Valor 01 Personalizaci\u00f3n Nuestros servicios se adaptan a las necesidades [&hellip;]","_links":{"self":[{"href":"https:\/\/boundless.com.ar\/index.php?rest_route=\/wp\/v2\/pages\/15","targetHints":{"allow":["GET"]}}],"collection":[{"href":"https:\/\/boundless.com.ar\/index.php?rest_route=\/wp\/v2\/pages"}],"about":[{"href":"https:\/\/boundless.com.ar\/index.php?rest_route=\/wp\/v2\/types\/page"}],"author":[{"embeddable":true,"href":"https:\/\/boundless.com.ar\/index.php?rest_route=\/wp\/v2\/users\/1"}],"replies":[{"embeddable":true,"href":"https:\/\/boundless.com.ar\/index.php?rest_route=%2Fwp%2Fv2%2Fcomments&post=15"}],"version-history":[{"count":46,"href":"https:\/\/boundless.com.ar\/index.php?rest_route=\/wp\/v2\/pages\/15\/revisions"}],"predecessor-version":[{"id":432,"href":"https:\/\/boundless.com.ar\/index.php?rest_route=\/wp\/v2\/pages\/15\/revisions\/432"}],"wp:attachment":[{"href":"https:\/\/boundless.com.ar\/index.php?rest_route=%2Fwp%2Fv2%2Fmedia&parent=15"}],"curies":[{"name":"wp","href":"https:\/\/api.w.org\/{rel}","templated":true}]}}